{"id":32049,"date":"2023-11-30T19:45:46","date_gmt":"2023-11-30T18:45:46","guid":{"rendered":"https:\/\/www.lafornace.com\/wp\/?page_id=32049"},"modified":"2026-01-17T14:48:28","modified_gmt":"2026-01-17T13:48:28","slug":"le-ciliegie-appartamento-2-camere-2-bagni","status":"publish","type":"page","link":"https:\/\/www.lafornace.com\/wp\/le-ciliegie-appartamento-2-camere-2-bagni\/","title":{"rendered":"Le Ciliegie &#8211; Appartamento 2 Camere 2 Bagni"},"content":{"rendered":"<p>[et_pb_section fb_built=&#8221;1&#8243; _builder_version=&#8221;4.16&#8243; background_image=&#8221;http:\/\/www.lafornace.com\/wp\/wp-content\/uploads\/2017\/07\/Camera1Banner.jpg&#8221; parallax=&#8221;on&#8221; parallax_method=&#8221;off&#8221; custom_padding=&#8221;0px|0px|0px|0px&#8221; global_colors_info=&#8221;{}&#8221;][et_pb_row _builder_version=&#8221;4.16&#8243; parallax=&#8221;on&#8221; parallax_method=&#8221;off&#8221; max_width=&#8221;80%&#8221; custom_margin=&#8221;0px||0px|&#8221; use_custom_width=&#8221;on&#8221; width_unit=&#8221;off&#8221; global_colors_info=&#8221;{}&#8221;][et_pb_column type=&#8221;4_4&#8243; _builder_version=&#8221;4.16&#8243; custom_padding=&#8221;|||&#8221; global_colors_info=&#8221;{}&#8221; custom_padding__hover=&#8221;|||&#8221;][et_pb_post_title meta=&#8221;off&#8221; featured_image=&#8221;off&#8221; text_color=&#8221;light&#8221; _builder_version=&#8221;4.16&#8243; title_font_size=&#8221;81px&#8221; text_orientation=&#8221;center&#8221; custom_margin=&#8221;|||&#8221; custom_padding=&#8221;9%||9%|&#8221; title_font_size_tablet=&#8221;46px&#8221; title_font_size_phone=&#8221;28px&#8221; title_font_size_last_edited=&#8221;on|desktop&#8221; global_colors_info=&#8221;{}&#8221;][\/et_pb_post_title][\/et_pb_column][\/et_pb_row][\/et_pb_section][et_pb_section fb_built=&#8221;1&#8243; _builder_version=&#8221;3.0.100&#8243; background_color=&#8221;#212121&#8243; custom_padding=&#8221;0px|0px|0px|0px&#8221; global_module=&#8221;29237&#8243; global_colors_info=&#8221;{}&#8221;][\/et_pb_section][et_pb_section fb_built=&#8221;1&#8243; _builder_version=&#8221;4.16&#8243; background_color=&#8221;#f7f7f7&#8243; custom_padding=&#8221;0px|0px|60px|0px&#8221; global_colors_info=&#8221;{}&#8221;][et_pb_row _builder_version=&#8221;4.16&#8243; background_color=&#8221;#ffffff&#8221; custom_padding=&#8221;3%|4%|4%|4%&#8221; global_colors_info=&#8221;{}&#8221;][et_pb_column type=&#8221;4_4&#8243; _builder_version=&#8221;4.16&#8243; custom_padding=&#8221;|||&#8221; global_colors_info=&#8221;{}&#8221; custom_padding__hover=&#8221;|||&#8221;][et_pb_image src=&#8221;http:\/\/www.lafornace.com\/wp\/wp-content\/uploads\/2017\/07\/symbol.png&#8221; align=&#8221;center&#8221; align_tablet=&#8221;center&#8221; align_phone=&#8221;&#8221; align_last_edited=&#8221;on|desktop&#8221; _builder_version=&#8221;4.16&#8243; animation_style=&#8221;slide&#8221; animation_direction=&#8221;bottom&#8221; animation_duration=&#8221;500ms&#8221; animation_intensity_slide=&#8221;10%&#8221; animation=&#8221;bottom&#8221; global_colors_info=&#8221;{}&#8221;][\/et_pb_image][et_pb_text _builder_version=&#8221;4.16&#8243; text_font=&#8221;|||on|&#8221; text_orientation=&#8221;center&#8221; module_alignment=&#8221;center&#8221; global_colors_info=&#8221;{}&#8221;]<\/p>\n<h2>Le Ciliegie<\/h2>\n<p>[\/et_pb_text][et_pb_text _builder_version=&#8221;4.23.1&#8243; text_font=&#8221;|||on|||||&#8221; background_color=&#8221;#FFFFFF&#8221; text_orientation=&#8221;center&#8221; max_width=&#8221;861px&#8221; module_alignment=&#8221;center&#8221; custom_margin=&#8221;||80px|&#8221; global_colors_info=&#8221;{}&#8221;]<\/p>\n<h2>L&#8217;appartamento &#8220;Le Ciliegie&#8221; presenta una superficie di 55 mq. Dispone di due spaziose camere da letto, ognuna con un letto matrimoniale o, a vostra scelta, due letti singoli, e un bagno privato. Inoltre, offre un ampio soggiorno con un divano\/letto singolo, consentendo cos\u00ec un totale di 5 posti letto*. La presenza di un angolo cottura fornisce ulteriore comodit\u00e0. L&#8217;appartamento \u00e8 dotato di frigorifero, lavastoviglie, attrezzature per la cucina, cassaforte, TV, connessione wi-fi, aria condizionata e riscaldamento autonomo. \u00c8 possibile richiedere un letto aggiuntivo o un lettino per bambini piccoli.<\/h2>\n<h2>*Opzione di un letto aggiuntivo\/lettino.<\/h2>\n<h2><\/h2>\n<h2>nessuna pulizia giornaliera, cambio asciugamani ogni 3 giorni, cambio lenzuola dopo 7 giorni o prima su specifica richiesta degli ospiti<\/h2>\n<p>[\/et_pb_text][et_pb_divider _builder_version=&#8221;4.23.1&#8243; _module_preset=&#8221;default&#8221; global_colors_info=&#8221;{}&#8221;][\/et_pb_divider][et_pb_gallery gallery_ids=&#8221;32765,32768,32769,32766,32767,32789,32780,32788,32782,32763,32579,32580,32581,32583,32831,32553,32550,32542,32448,32446,32364,32214,32172,32835,32834,32833,32832&#8243; gallery_captions=&#8221;,,,,,&#8221; fullwidth=&#8221;on&#8221; _builder_version=&#8221;4.27.4&#8243; animation_style=&#8221;fade&#8221; animation_duration=&#8221;2000ms&#8221; animation_delay=&#8221;3000ms&#8221; animation_starting_opacity=&#8221;100%&#8221; animation_repeat=&#8221;loop&#8221; auto=&#8221;on&#8221; auto_speed=&#8221;3000&#8243; global_colors_info=&#8221;{}&#8221;][\/et_pb_gallery][et_pb_divider _builder_version=&#8221;4.23.1&#8243; _module_preset=&#8221;default&#8221; global_colors_info=&#8221;{}&#8221;][\/et_pb_divider][et_pb_text _builder_version=&#8221;4.23.1&#8243; _module_preset=&#8221;default&#8221; global_colors_info=&#8221;{}&#8221;]<\/p>\n<p style=\"text-align: center;\"><em><strong>Le tariffe non includono la colazione, ma \u00e8 possibile aggiungerla.<\/strong><\/em><\/p>\n<p>[\/et_pb_text][et_pb_button button_url=&#8221;mailto:info@lafornace.com&#8221; button_text=&#8221;Verifica Disponibilit\u00e0&#8221; button_alignment=&#8221;center&#8221; _builder_version=&#8221;4.27.4&#8243; custom_button=&#8221;on&#8221; button_text_size=&#8221;12px&#8221; button_text_color=&#8221;#ffffff&#8221; button_bg_color=&#8221;#cca876&#8243; button_border_width=&#8221;1px&#8221; button_border_color=&#8221;#cca876&#8243; button_letter_spacing=&#8221;0px&#8221; button_font=&#8221;|on||on|&#8221; custom_css_main_element=&#8221;padding-top: 10px !important;||padding-right: 35px !important;||padding-bottom: 10px !important;||padding-left: 35px !important;&#8221; button_letter_spacing_hover=&#8221;0&#8243; saved_tabs=&#8221;all&#8221; global_colors_info=&#8221;{}&#8221; button_text_size__hover_enabled=&#8221;off&#8221; button_one_text_size__hover_enabled=&#8221;off&#8221; button_two_text_size__hover_enabled=&#8221;off&#8221; button_text_color__hover_enabled=&#8221;off&#8221; button_one_text_color__hover_enabled=&#8221;off&#8221; button_two_text_color__hover_enabled=&#8221;off&#8221; button_border_width__hover_enabled=&#8221;off&#8221; button_one_border_width__hover_enabled=&#8221;off&#8221; button_two_border_width__hover_enabled=&#8221;off&#8221; button_border_color__hover_enabled=&#8221;off&#8221; button_one_border_color__hover_enabled=&#8221;off&#8221; button_two_border_color__hover_enabled=&#8221;off&#8221; button_border_radius__hover_enabled=&#8221;off&#8221; button_one_border_radius__hover_enabled=&#8221;off&#8221; button_two_border_radius__hover_enabled=&#8221;off&#8221; button_letter_spacing__hover_enabled=&#8221;on&#8221; button_letter_spacing__hover=&#8221;0&#8243; button_one_letter_spacing__hover_enabled=&#8221;off&#8221; button_two_letter_spacing__hover_enabled=&#8221;off&#8221; button_bg_color__hover_enabled=&#8221;off&#8221; button_one_bg_color__hover_enabled=&#8221;off&#8221; button_two_bg_color__hover_enabled=&#8221;off&#8221;][\/et_pb_button][et_pb_divider _builder_version=&#8221;4.23.1&#8243; _module_preset=&#8221;default&#8221; global_colors_info=&#8221;{}&#8221;][\/et_pb_divider][et_pb_text _builder_version=&#8221;4.23.1&#8243; _module_preset=&#8221;default&#8221; global_colors_info=&#8221;{}&#8221;]<\/p>\n<h3 style=\"text-align: center;\">Le date in rosa non sono disponibili<\/h3>\n<p>[\/et_pb_text][et_pb_divider _builder_version=&#8221;4.23.1&#8243; _module_preset=&#8221;default&#8221; global_colors_info=&#8221;{}&#8221;][\/et_pb_divider][et_pb_code _builder_version=&#8221;4.23.1&#8243; _module_preset=&#8221;default&#8221; global_colors_info=&#8221;{}&#8221;]<\/p>\n<div id=\"smoobuApartment1065298it\" class=\"calendarWidget\">\n<div class=\"calendarContent\" data-load-calendar-url=\"https:\/\/login.smoobu.com\/it\/cockpit\/widget\/single-calendar\/1065298\" data-verification=\"68ab35d0d15edb645c8357746a3fabe6f5c153bc3e0d5e623454967e6e8e68b2\" data-baseUrl=\"https:\/\/login.smoobu.com\" data-disable-css=\"false\" ><\/div>\n<p> <script type=\"text\/javascript\" src=\"https:\/\/login.smoobu.com\/js\/Apartment\/CalendarWidget.js\"><\/script><\/div>\n<p>[\/et_pb_code][et_pb_code _builder_version=&#8221;4.23.1&#8243; _module_preset=&#8221;default&#8221; global_colors_info=&#8221;{}&#8221;]<\/p>\n<div id=\"apartmentIframe1065301\"><!-- [et_pb_line_break_holder] --><script type=\"text\/javascript\" src=\"https:\/\/login.smoobu.com\/js\/Settings\/BookingToolIframe.js\"><\/script><!-- [et_pb_line_break_holder] --><script>BookingToolIframe.initialize({\"url\": \"https:\/\/login.smoobu.com\/en\/booking-tool\/iframe\/312640\/1065301\", \"baseUrl\": \"https:\/\/login.smoobu.com\", \"target\": \"#apartmentIframe1065301\"})<\/script><!-- [et_pb_line_break_holder] --><\/div>\n<p>[\/et_pb_code][et_pb_code _builder_version=&#8221;4.23.1&#8243; _module_preset=&#8221;default&#8221; global_colors_info=&#8221;{}&#8221;]<\/p>\n<div id=\"apartmentIframe1065301\"><!-- [et_pb_line_break_holder] --><script type=\"text\/javascript\" src=\"https:\/\/login.smoobu.com\/js\/Settings\/BookingToolIframe.js\"><\/script><!-- [et_pb_line_break_holder] --><script>BookingToolIframe.initialize({\"url\": \"https:\/\/login.smoobu.com\/en\/booking-tool\/iframe\/312640\/1065301\", \"baseUrl\": \"https:\/\/login.smoobu.com\", \"target\": \"#apartmentIframe1065301\"})<\/script><!-- [et_pb_line_break_holder] --><\/div>\n<p>[\/et_pb_code][\/et_pb_column][\/et_pb_row][\/et_pb_section]<\/p>\n","protected":false},"excerpt":{"rendered":"<p>Le Ciliegie L&#8217;appartamento &#8220;Le Ciliegie&#8221; presenta una superficie di 55 mq. Dispone di due spaziose camere da letto, ognuna con un letto matrimoniale o, a vostra scelta, due letti singoli, e un bagno privato. Inoltre, offre un ampio soggiorno con un divano\/letto singolo, consentendo cos\u00ec un totale di 5 posti letto*. La presenza di un [&hellip;]<\/p>\n","protected":false},"author":4,"featured_media":32766,"parent":0,"menu_order":0,"comment_status":"closed","ping_status":"closed","template":"","meta":{"_et_pb_use_builder":"on","_et_pb_old_content":"","_et_gb_content_width":"","footnotes":""},"class_list":["post-32049","page","type-page","status-publish","has-post-thumbnail","hentry"],"_links":{"self":[{"href":"https:\/\/www.lafornace.com\/wp\/wp-json\/wp\/v2\/pages\/32049","targetHints":{"allow":["GET"]}}],"collection":[{"href":"https:\/\/www.lafornace.com\/wp\/wp-json\/wp\/v2\/pages"}],"about":[{"href":"https:\/\/www.lafornace.com\/wp\/wp-json\/wp\/v2\/types\/page"}],"author":[{"embeddable":true,"href":"https:\/\/www.lafornace.com\/wp\/wp-json\/wp\/v2\/users\/4"}],"replies":[{"embeddable":true,"href":"https:\/\/www.lafornace.com\/wp\/wp-json\/wp\/v2\/comments?post=32049"}],"version-history":[{"count":32,"href":"https:\/\/www.lafornace.com\/wp\/wp-json\/wp\/v2\/pages\/32049\/revisions"}],"predecessor-version":[{"id":32881,"href":"https:\/\/www.lafornace.com\/wp\/wp-json\/wp\/v2\/pages\/32049\/revisions\/32881"}],"wp:featuredmedia":[{"embeddable":true,"href":"https:\/\/www.lafornace.com\/wp\/wp-json\/wp\/v2\/media\/32766"}],"wp:attachment":[{"href":"https:\/\/www.lafornace.com\/wp\/wp-json\/wp\/v2\/media?parent=32049"}],"curies":[{"name":"wp","href":"https:\/\/api.w.org\/{rel}","templated":true}]}}